{"id":53,"date":"2018-02-14T14:45:10","date_gmt":"2018-02-14T14:45:10","guid":{"rendered":"http:\/\/julia-arend-handgestrickt.de\/?page_id=53"},"modified":"2018-02-28T08:45:11","modified_gmt":"2018-02-28T08:45:11","slug":"tuecher","status":"publish","type":"page","link":"https:\/\/julia-arend-handgestrickt.de\/?page_id=53","title":{"rendered":"T\u00fccher"},"content":{"rendered":"<div class=\"row\">\n<div class=\"extra float\">\n<div class=\"component block id90A63CCDAE4B4D99B438C7EFBF743AAA\">\n<div class=\"self\">\n<div class=\"row\">\n<div class=\"component\">\n<div class=\"self text textnormal\">\n<div>\n<h2>Traumzaubert\u00fccher aus Farbverlaufsgarnen<\/h2>\n<p>Diese wundersch\u00f6nen, farbenfrohen Halst\u00fccher sind im Wellenmuster gestrickt. Sie haben jeweils eine L\u00e4nge von ca. 200 cm (h\u00e4ngend) und messen an der breitesten Stelle ca. 20-25 cm. Die Enden laufen spitz zu.<\/p>\n<\/div>\n<\/div>\n<\/div>\n<\/div>\n<\/div>\n<\/div>\n<\/div>\n<\/div>\n<div class=\"row\">\n<div class=\"extra\">\n<div class=\"component block id4721035308D04F02889D755BFD79D112\">\n<div class=\"self\">\n<div class=\"row\">\n<div class=\"component block idFDE2674E75A349D4844A7A755141837B\">\n<div class=\"self\">\n<div class=\"row\">\n<div class=\"component\">\n<div class=\"self text textnormal\">\n<div class=\"mb-indent\">\n<p>Bei intensivem Tragen ziehen sich die Wellen mit der Zeit heraus. Nach dem Waschen (ich empfehle Handw\u00e4sche) liegend und in die urspr\u00fcnglichen Wellen geschoben trocknen lassen \u2013 schon sieht der Schal wieder aus wie neu.<\/p>\n<\/div>\n<div class=\"mb-indent\">\n<p>Die T\u00fccher eignen sich hervorragend als kleines individuelles Geschenk. Sofort verf\u00fcgbare T\u00fccher finden Sie unter \u201eK\u00e4ufliches\u201c. Falls eine gew\u00fcnschte Farbe nicht zur Verf\u00fcgung steht, nehmen Sie Kontakt zu mir auf. Seltener gew\u00fcnschte Farbkombinationen fertige ich gerne auf Anfrage.<\/p>\n<p><img decoding=\"async\" loading=\"lazy\" class=\"alignnone wp-image-54 size-full\" src=\"http:\/\/julia-arend-handgestrickt.de\/wp-content\/uploads\/2018\/02\/Halstuch_handgestrickt_00a.png\" alt=\"Halstuch_handgestrickt_00a\" width=\"902\" height=\"910\" srcset=\"https:\/\/julia-arend-handgestrickt.de\/wp-content\/uploads\/2018\/02\/Halstuch_handgestrickt_00a.png 902w, https:\/\/julia-arend-handgestrickt.de\/wp-content\/uploads\/2018\/02\/Halstuch_handgestrickt_00a-150x150.png 150w, https:\/\/julia-arend-handgestrickt.de\/wp-content\/uploads\/2018\/02\/Halstuch_handgestrickt_00a-297x300.png 297w, https:\/\/julia-arend-handgestrickt.de\/wp-content\/uploads\/2018\/02\/Halstuch_handgestrickt_00a-768x775.png 768w\" sizes=\"(max-width: 902px) 100vw, 902px\" \/><\/p>\n<p>&nbsp;<\/p>\n<p>&nbsp;<\/p>\n<\/div>\n<\/div>\n<\/div>\n<\/div>\n<\/div>\n<\/div>\n<\/div>\n<\/div>\n<\/div>\n<\/div>\n<\/div>\n","protected":false},"excerpt":{"rendered":"<p>Traumzaubert\u00fccher aus Farbverlaufsgarnen Diese wundersch\u00f6nen, farbenfrohen Halst\u00fccher sind im Wellenmuster gestrickt. Sie haben jeweils eine L\u00e4nge von ca. 200 cm (h\u00e4ngend) und messen an der breitesten Stelle ca. 20-25 cm. Die Enden laufen spitz zu. Bei intensivem Tragen ziehen sich die Wellen mit der Zeit heraus. Nach dem Waschen (ich empfehle Handw\u00e4sche) liegend und in &hellip; <a href=\"https:\/\/julia-arend-handgestrickt.de\/?page_id=53\" class=\"more-link\"><span class=\"screen-reader-text\">T\u00fccher<\/span> weiterlesen <span class=\"meta-nav\">&rarr;<\/span><\/a><\/p>\n","protected":false},"author":1,"featured_media":0,"parent":0,"menu_order":0,"comment_status":"closed","ping_status":"closed","template":"","meta":[],"_links":{"self":[{"href":"https:\/\/julia-arend-handgestrickt.de\/index.php?rest_route=\/wp\/v2\/pages\/53"}],"collection":[{"href":"https:\/\/julia-arend-handgestrickt.de\/index.php?rest_route=\/wp\/v2\/pages"}],"about":[{"href":"https:\/\/julia-arend-handgestrickt.de\/index.php?rest_route=\/wp\/v2\/types\/page"}],"author":[{"embeddable":true,"href":"https:\/\/julia-arend-handgestrickt.de\/index.php?rest_route=\/wp\/v2\/users\/1"}],"replies":[{"embeddable":true,"href":"https:\/\/julia-arend-handgestrickt.de\/index.php?rest_route=%2Fwp%2Fv2%2Fcomments&post=53"}],"version-history":[{"count":5,"href":"https:\/\/julia-arend-handgestrickt.de\/index.php?rest_route=\/wp\/v2\/pages\/53\/revisions"}],"predecessor-version":[{"id":139,"href":"https:\/\/julia-arend-handgestrickt.de\/index.php?rest_route=\/wp\/v2\/pages\/53\/revisions\/139"}],"wp:attachment":[{"href":"https:\/\/julia-arend-handgestrickt.de\/index.php?rest_route=%2Fwp%2Fv2%2Fmedia&parent=53"}],"curies":[{"name":"wp","href":"https:\/\/api.w.org\/{rel}","templated":true}]}}