{"id":45,"date":"2018-02-14T14:40:18","date_gmt":"2018-02-14T14:40:18","guid":{"rendered":"http:\/\/julia-arend-handgestrickt.de\/?page_id=45"},"modified":"2018-02-14T14:40:18","modified_gmt":"2018-02-14T14:40:18","slug":"was-ihr-wollt","status":"publish","type":"page","link":"https:\/\/julia-arend-handgestrickt.de\/?page_id=45","title":{"rendered":"WAS IHR WOLLT"},"content":{"rendered":"<div>\n<p><em><strong>Fast alles ist machbar. Es ist nur eine Frage des Aufwandes\u2026<\/strong><\/em><\/p>\n<\/div>\n<div class=\"mb-indent\">\n<p>Unten sehen Sie die verschiedenen Farben der von mir bevorzugten Deckenwolle. Diese besteht aus 70% Polyacryl und 30% Schurwolle (superwash). Die Decken sind somit bei 30\u00b0C maschinenwaschbar.<\/p>\n<\/div>\n<div class=\"mb-indent\">\n<p>Nat\u00fcrlich fertige ich auf Anfrage gerne auch Decken aus anderen Garnen. Die Preise sind verhandelbar und richten sich nach dem Einkaufspreis des verwendeten Garnes, der Gr\u00f6\u00dfe und dem gew\u00fcnschten Muster (je nach Aufwand ca. 0,5-1,0 Cent pro cm\u00b2).<\/p>\n<p><img decoding=\"async\" loading=\"lazy\" class=\"alignnone size-medium wp-image-46\" src=\"http:\/\/julia-arend-handgestrickt.de\/wp-content\/uploads\/2018\/02\/Farben_Regenbogen2-300x73.png\" alt=\"Farben_Regenbogen2\" width=\"300\" height=\"73\" srcset=\"https:\/\/julia-arend-handgestrickt.de\/wp-content\/uploads\/2018\/02\/Farben_Regenbogen2-300x73.png 300w, https:\/\/julia-arend-handgestrickt.de\/wp-content\/uploads\/2018\/02\/Farben_Regenbogen2-768x188.png 768w, https:\/\/julia-arend-handgestrickt.de\/wp-content\/uploads\/2018\/02\/Farben_Regenbogen2.png 985w\" sizes=\"(max-width: 300px) 100vw, 300px\" \/><\/p>\n<p><img decoding=\"async\" loading=\"lazy\" class=\"alignnone size-medium wp-image-47\" src=\"http:\/\/julia-arend-handgestrickt.de\/wp-content\/uploads\/2018\/02\/Farben_Regenbogen-300x72.png\" alt=\"Farben_Regenbogen\" width=\"300\" height=\"72\" srcset=\"https:\/\/julia-arend-handgestrickt.de\/wp-content\/uploads\/2018\/02\/Farben_Regenbogen-300x72.png 300w, https:\/\/julia-arend-handgestrickt.de\/wp-content\/uploads\/2018\/02\/Farben_Regenbogen-768x184.png 768w, https:\/\/julia-arend-handgestrickt.de\/wp-content\/uploads\/2018\/02\/Farben_Regenbogen.png 985w\" sizes=\"(max-width: 300px) 100vw, 300px\" \/><\/p>\n<p>Die Verf\u00fcgbarkeit der einzelnen Farbt\u00f6ne h\u00e4ngt von der Lieferbarkeit beim Hersteller ab, und sollte somit vorher erfragt werden.<\/p>\n<p>Burgund \/ Pink \/ Lavendel \/ Violett<\/p>\n<p><img decoding=\"async\" loading=\"lazy\" class=\"alignnone size-medium wp-image-48\" src=\"http:\/\/julia-arend-handgestrickt.de\/wp-content\/uploads\/2018\/02\/Farben_1-300x147.png\" alt=\"Farben_1\" width=\"300\" height=\"147\" srcset=\"https:\/\/julia-arend-handgestrickt.de\/wp-content\/uploads\/2018\/02\/Farben_1-300x147.png 300w, https:\/\/julia-arend-handgestrickt.de\/wp-content\/uploads\/2018\/02\/Farben_1.png 719w\" sizes=\"(max-width: 300px) 100vw, 300px\" \/><\/p>\n<p>Mosaikblau \/ Jeans meliert \/ Indigo<img decoding=\"async\" loading=\"lazy\" class=\"alignnone size-medium wp-image-49\" src=\"http:\/\/julia-arend-handgestrickt.de\/wp-content\/uploads\/2018\/02\/Farben_3-300x150.png\" alt=\"Farben_3\" width=\"300\" height=\"150\" srcset=\"https:\/\/julia-arend-handgestrickt.de\/wp-content\/uploads\/2018\/02\/Farben_3-300x150.png 300w, https:\/\/julia-arend-handgestrickt.de\/wp-content\/uploads\/2018\/02\/Farben_3.png 707w\" sizes=\"(max-width: 300px) 100vw, 300px\" \/><\/p>\n<p>K\u00fcrbis und Jade meliert<\/p>\n<p><img decoding=\"async\" loading=\"lazy\" class=\"alignnone size-medium wp-image-50\" src=\"http:\/\/julia-arend-handgestrickt.de\/wp-content\/uploads\/2018\/02\/Farben_7-300x149.png\" alt=\"Farben_7\" width=\"300\" height=\"149\" srcset=\"https:\/\/julia-arend-handgestrickt.de\/wp-content\/uploads\/2018\/02\/Farben_7-300x149.png 300w, https:\/\/julia-arend-handgestrickt.de\/wp-content\/uploads\/2018\/02\/Farben_7.png 707w\" sizes=\"(max-width: 300px) 100vw, 300px\" \/><\/p>\n<\/div>\n","protected":false},"excerpt":{"rendered":"<p>Fast alles ist machbar. Es ist nur eine Frage des Aufwandes\u2026 Unten sehen Sie die verschiedenen Farben der von mir bevorzugten Deckenwolle. Diese besteht aus 70% Polyacryl und 30% Schurwolle (superwash). Die Decken sind somit bei 30\u00b0C maschinenwaschbar. Nat\u00fcrlich fertige ich auf Anfrage gerne auch Decken aus anderen Garnen. Die Preise sind verhandelbar und richten &hellip; <a href=\"https:\/\/julia-arend-handgestrickt.de\/?page_id=45\" class=\"more-link\"><span class=\"screen-reader-text\">WAS IHR WOLLT<\/span> weiterlesen <span class=\"meta-nav\">&rarr;<\/span><\/a><\/p>\n","protected":false},"author":1,"featured_media":0,"parent":0,"menu_order":0,"comment_status":"closed","ping_status":"closed","template":"","meta":[],"_links":{"self":[{"href":"https:\/\/julia-arend-handgestrickt.de\/index.php?rest_route=\/wp\/v2\/pages\/45"}],"collection":[{"href":"https:\/\/julia-arend-handgestrickt.de\/index.php?rest_route=\/wp\/v2\/pages"}],"about":[{"href":"https:\/\/julia-arend-handgestrickt.de\/index.php?rest_route=\/wp\/v2\/types\/page"}],"author":[{"embeddable":true,"href":"https:\/\/julia-arend-handgestrickt.de\/index.php?rest_route=\/wp\/v2\/users\/1"}],"replies":[{"embeddable":true,"href":"https:\/\/julia-arend-handgestrickt.de\/index.php?rest_route=%2Fwp%2Fv2%2Fcomments&post=45"}],"version-history":[{"count":1,"href":"https:\/\/julia-arend-handgestrickt.de\/index.php?rest_route=\/wp\/v2\/pages\/45\/revisions"}],"predecessor-version":[{"id":51,"href":"https:\/\/julia-arend-handgestrickt.de\/index.php?rest_route=\/wp\/v2\/pages\/45\/revisions\/51"}],"wp:attachment":[{"href":"https:\/\/julia-arend-handgestrickt.de\/index.php?rest_route=%2Fwp%2Fv2%2Fmedia&parent=45"}],"curies":[{"name":"wp","href":"https:\/\/api.w.org\/{rel}","templated":true}]}}