{"id":18,"date":"2018-02-14T14:13:00","date_gmt":"2018-02-14T14:13:00","guid":{"rendered":"http:\/\/julia-arend-handgestrickt.de\/?page_id=18"},"modified":"2018-02-14T14:13:00","modified_gmt":"2018-02-14T14:13:00","slug":"was-ich-will","status":"publish","type":"page","link":"https:\/\/julia-arend-handgestrickt.de\/?page_id=18","title":{"rendered":"Was ich will"},"content":{"rendered":"<p>Ich will Stricken. Ich will mich mit Sch\u00f6nem umgeben. Ich will Gem\u00fctlichkeit und Farben.<\/p>\n<p>Was entsteht, wenn ich ein neues Projekt beginne, h\u00e4ngt von meiner Stimmung und meinem Strick- (also Erholungs-)Bed\u00fcrfnis ab. An den Decken sitze ich eine Weile, allerdings sind sie meist nicht sehr kompliziert.<\/p>\n<p><img decoding=\"async\" loading=\"lazy\" class=\"size-medium wp-image-19 alignright\" src=\"http:\/\/julia-arend-handgestrickt.de\/wp-content\/uploads\/2018\/02\/Decke_handgestrickt_braun-gestreift_05-185x300.png\" alt=\"Decke_handgestrickt_braun-gestreift_05\" width=\"185\" height=\"300\" srcset=\"https:\/\/julia-arend-handgestrickt.de\/wp-content\/uploads\/2018\/02\/Decke_handgestrickt_braun-gestreift_05-185x300.png 185w, https:\/\/julia-arend-handgestrickt.de\/wp-content\/uploads\/2018\/02\/Decke_handgestrickt_braun-gestreift_05.png 328w\" sizes=\"(max-width: 185px) 100vw, 185px\" \/><\/p>\n<p>Wenn ich keinen anderen Auftrag habe, stricke ich, was mir selbst gef\u00e4llt, was ich auch zum Schm\u00fccken meiner Wohnung gerne haben wollen w\u00fcrde. In jedem Raum in unserem H\u00e4uschen liegen inzwischen ein\/zwei meiner Decken, alle m\u00f6glichen Farben und Gr\u00f6\u00dfen sind vorhanden.<\/p>\n<p>Es gibt ein Garn welches ich f\u00fcr die Fertigung meiner Decken bevorzuge. Dieses Garn gibt es in vielen wundersch\u00f6nen Farben, es ist nicht kratzig, nicht zu schwer und die Decken bleiben auch bei gro\u00dfen Gr\u00f6\u00dfen bezahlbar.<\/p>\n<p>Bei meinen Wellent\u00fcchern, die ich gerne stricke, wenn ich viel unterwegs bin, favorisiere ich Farbverlaufsgarn. Hier stelle ich T\u00fccher in m\u00f6glichst verschiedenen Farben her. Sie lassen sich hervorragend verschenken, und zu jedem Typ passen halt andere Farben gut.<\/p>\n","protected":false},"excerpt":{"rendered":"<p>Ich will Stricken. Ich will mich mit Sch\u00f6nem umgeben. Ich will Gem\u00fctlichkeit und Farben. Was entsteht, wenn ich ein neues Projekt beginne, h\u00e4ngt von meiner Stimmung und meinem Strick- (also Erholungs-)Bed\u00fcrfnis ab. An den Decken sitze ich eine Weile, allerdings sind sie meist nicht sehr kompliziert. Wenn ich keinen anderen Auftrag habe, stricke ich, was &hellip; <a href=\"https:\/\/julia-arend-handgestrickt.de\/?page_id=18\" class=\"more-link\"><span class=\"screen-reader-text\">Was ich will<\/span> weiterlesen <span class=\"meta-nav\">&rarr;<\/span><\/a><\/p>\n","protected":false},"author":1,"featured_media":0,"parent":0,"menu_order":0,"comment_status":"closed","ping_status":"closed","template":"","meta":[],"_links":{"self":[{"href":"https:\/\/julia-arend-handgestrickt.de\/index.php?rest_route=\/wp\/v2\/pages\/18"}],"collection":[{"href":"https:\/\/julia-arend-handgestrickt.de\/index.php?rest_route=\/wp\/v2\/pages"}],"about":[{"href":"https:\/\/julia-arend-handgestrickt.de\/index.php?rest_route=\/wp\/v2\/types\/page"}],"author":[{"embeddable":true,"href":"https:\/\/julia-arend-handgestrickt.de\/index.php?rest_route=\/wp\/v2\/users\/1"}],"replies":[{"embeddable":true,"href":"https:\/\/julia-arend-handgestrickt.de\/index.php?rest_route=%2Fwp%2Fv2%2Fcomments&post=18"}],"version-history":[{"count":1,"href":"https:\/\/julia-arend-handgestrickt.de\/index.php?rest_route=\/wp\/v2\/pages\/18\/revisions"}],"predecessor-version":[{"id":20,"href":"https:\/\/julia-arend-handgestrickt.de\/index.php?rest_route=\/wp\/v2\/pages\/18\/revisions\/20"}],"wp:attachment":[{"href":"https:\/\/julia-arend-handgestrickt.de\/index.php?rest_route=%2Fwp%2Fv2%2Fmedia&parent=18"}],"curies":[{"name":"wp","href":"https:\/\/api.w.org\/{rel}","templated":true}]}}