{"id":130,"date":"2018-02-15T11:38:47","date_gmt":"2018-02-15T11:38:47","guid":{"rendered":"http:\/\/julia-arend-handgestrickt.de\/?page_id=130"},"modified":"2018-02-15T11:56:25","modified_gmt":"2018-02-15T11:56:25","slug":"strickanleitungen-fuer-die-wollmaeuse","status":"publish","type":"page","link":"https:\/\/julia-arend-handgestrickt.de\/?page_id=130","title":{"rendered":"Strickanleitungen f\u00fcr die Wollm\u00e4use"},"content":{"rendered":"<p>Hier k\u00f6nnt ihr die Anleitungen f\u00fcr die Wollm\u00e4use als PDFs herunterladen.<\/p>\n<p><a href=\"http:\/\/julia-arend-handgestrickt.de\/wp-content\/uploads\/2018\/02\/Anleitung_Wollmaus_barrierefrei_2017.pdf\">Anleitung Wollmaus als PDF<\/a><\/p>\n<p><a href=\"http:\/\/julia-arend-handgestrickt.de\/wp-content\/uploads\/2018\/02\/Anleitung_Mini_Wollmaus_barrierefrei_2017.pdf\">Anleitung Mini-Wollmaus als PDF<\/a><\/p>\n<p><a href=\"http:\/\/julia-arend-handgestrickt.de\/wp-content\/uploads\/2018\/02\/Wenn-M\u00e4use-Fl\u00fcgel-kriegen_2018.pdf\">Wenn M\u00e4use Fl\u00fcgel kriegen &#8211; Anleitung Fledermausfl\u00fcgel als PDF<br \/>\n<\/a><\/p>\n<p><img decoding=\"async\" loading=\"lazy\" class=\"alignnone size-medium wp-image-123\" src=\"http:\/\/julia-arend-handgestrickt.de\/wp-content\/uploads\/2018\/02\/Regenbogenm.R\u00fcckweg2-300x150.png\" alt=\"Regenbogenm.R\u00fcckweg2\" width=\"300\" height=\"150\" srcset=\"https:\/\/julia-arend-handgestrickt.de\/wp-content\/uploads\/2018\/02\/Regenbogenm.R\u00fcckweg2-300x150.png 300w, https:\/\/julia-arend-handgestrickt.de\/wp-content\/uploads\/2018\/02\/Regenbogenm.R\u00fcckweg2.png 519w\" sizes=\"(max-width: 300px) 100vw, 300px\" \/><\/p>\n<p>&nbsp;<\/p>\n","protected":false},"excerpt":{"rendered":"<p>Hier k\u00f6nnt ihr die Anleitungen f\u00fcr die Wollm\u00e4use als PDFs herunterladen. Anleitung Wollmaus als PDF Anleitung Mini-Wollmaus als PDF Wenn M\u00e4use Fl\u00fcgel kriegen &#8211; Anleitung Fledermausfl\u00fcgel als PDF &nbsp;<\/p>\n","protected":false},"author":1,"featured_media":0,"parent":0,"menu_order":0,"comment_status":"closed","ping_status":"closed","template":"","meta":[],"_links":{"self":[{"href":"https:\/\/julia-arend-handgestrickt.de\/index.php?rest_route=\/wp\/v2\/pages\/130"}],"collection":[{"href":"https:\/\/julia-arend-handgestrickt.de\/index.php?rest_route=\/wp\/v2\/pages"}],"about":[{"href":"https:\/\/julia-arend-handgestrickt.de\/index.php?rest_route=\/wp\/v2\/types\/page"}],"author":[{"embeddable":true,"href":"https:\/\/julia-arend-handgestrickt.de\/index.php?rest_route=\/wp\/v2\/users\/1"}],"replies":[{"embeddable":true,"href":"https:\/\/julia-arend-handgestrickt.de\/index.php?rest_route=%2Fwp%2Fv2%2Fcomments&post=130"}],"version-history":[{"count":3,"href":"https:\/\/julia-arend-handgestrickt.de\/index.php?rest_route=\/wp\/v2\/pages\/130\/revisions"}],"predecessor-version":[{"id":137,"href":"https:\/\/julia-arend-handgestrickt.de\/index.php?rest_route=\/wp\/v2\/pages\/130\/revisions\/137"}],"wp:attachment":[{"href":"https:\/\/julia-arend-handgestrickt.de\/index.php?rest_route=%2Fwp%2Fv2%2Fmedia&parent=130"}],"curies":[{"name":"wp","href":"https:\/\/api.w.org\/{rel}","templated":true}]}}