{"id":110,"date":"2018-02-15T11:20:08","date_gmt":"2018-02-15T11:20:08","guid":{"rendered":"http:\/\/julia-arend-handgestrickt.de\/?page_id=110"},"modified":"2018-02-15T11:20:08","modified_gmt":"2018-02-15T11:20:08","slug":"die-suche-nach-den-regenbogenmaeusen-noch-eine-fotogeschichte","status":"publish","type":"page","link":"https:\/\/julia-arend-handgestrickt.de\/?page_id=110","title":{"rendered":"Die Suche nach den Regenbogenm\u00e4usen &#8211; noch eine Fotogeschichte"},"content":{"rendered":"<p>Wollm\u00e4use sind eigentlich recht sesshafte Tiere\u2026\u2026\u2026<\/p>\n<p><img decoding=\"async\" loading=\"lazy\" class=\"alignleft wp-image-111 size-thumbnail\" src=\"http:\/\/julia-arend-handgestrickt.de\/wp-content\/uploads\/2018\/02\/Regenbogenm.Zuhause_grau-150x150.png\" alt=\"\" width=\"150\" height=\"150\" srcset=\"https:\/\/julia-arend-handgestrickt.de\/wp-content\/uploads\/2018\/02\/Regenbogenm.Zuhause_grau-150x150.png 150w, https:\/\/julia-arend-handgestrickt.de\/wp-content\/uploads\/2018\/02\/Regenbogenm.Zuhause_grau.png 236w\" sizes=\"(max-width: 150px) 100vw, 150px\" \/> <img decoding=\"async\" loading=\"lazy\" class=\"wp-image-112 size-thumbnail alignright\" src=\"http:\/\/julia-arend-handgestrickt.de\/wp-content\/uploads\/2018\/02\/Regenbogenm.Zuhause_grau2-150x150.png\" alt=\"\" width=\"150\" height=\"150\" srcset=\"https:\/\/julia-arend-handgestrickt.de\/wp-content\/uploads\/2018\/02\/Regenbogenm.Zuhause_grau2-150x150.png 150w, https:\/\/julia-arend-handgestrickt.de\/wp-content\/uploads\/2018\/02\/Regenbogenm.Zuhause_grau2.png 236w\" sizes=\"(max-width: 150px) 100vw, 150px\" \/><\/p>\n<p>&nbsp;<\/p>\n<p>&nbsp;<\/p>\n<p>&nbsp;<\/p>\n<p>&nbsp;<\/p>\n<p>Aber vor einiger Zeit \u00fcberraschten mich meine Wollm\u00e4use mit Reisepl\u00e4nen:<\/p>\n<p>Sie wollten auf die Suche gehen, um die RegenbogenM\u00e4use zu finden.<\/p>\n<p><img decoding=\"async\" loading=\"lazy\" class=\"alignnone size-medium wp-image-113\" src=\"http:\/\/julia-arend-handgestrickt.de\/wp-content\/uploads\/2018\/02\/Regenbogenm.Geheimnis-300x225.png\" alt=\"Regenbogenm.Geheimnis\" width=\"300\" height=\"225\" srcset=\"https:\/\/julia-arend-handgestrickt.de\/wp-content\/uploads\/2018\/02\/Regenbogenm.Geheimnis-300x225.png 300w, https:\/\/julia-arend-handgestrickt.de\/wp-content\/uploads\/2018\/02\/Regenbogenm.Geheimnis.png 315w\" sizes=\"(max-width: 300px) 100vw, 300px\" \/><\/p>\n<p>So eine zum Freund k\u00f6nnte n\u00e4mlich der kleine Junge aus unserem Haus gut gebrauchen: wer eine RegenbogenMaus zum Freund hat, wird immer Gl\u00fcck im Herzen haben, und nie den Mut verlieren.<\/p>\n<p><img decoding=\"async\" loading=\"lazy\" class=\"alignnone wp-image-114 size-full\" src=\"http:\/\/julia-arend-handgestrickt.de\/wp-content\/uploads\/2018\/02\/Regenbogenm.Hinweg2.png\" alt=\"Regenbogenm.Hinweg2\" width=\"614\" height=\"265\" srcset=\"https:\/\/julia-arend-handgestrickt.de\/wp-content\/uploads\/2018\/02\/Regenbogenm.Hinweg2.png 614w, https:\/\/julia-arend-handgestrickt.de\/wp-content\/uploads\/2018\/02\/Regenbogenm.Hinweg2-300x129.png 300w\" sizes=\"(max-width: 614px) 100vw, 614px\" \/><\/p>\n<p>Also gingen meine kleinen Abenteurer auf die Reise\u2026. tripp trapp tripp trapp\u2026.<\/p>\n<p><img decoding=\"async\" loading=\"lazy\" class=\"alignnone wp-image-115 size-full\" src=\"http:\/\/julia-arend-handgestrickt.de\/wp-content\/uploads\/2018\/02\/Regenbogenm.Hinweg4.png\" alt=\"Regenbogenm.Hinweg4\" width=\"572\" height=\"409\" srcset=\"https:\/\/julia-arend-handgestrickt.de\/wp-content\/uploads\/2018\/02\/Regenbogenm.Hinweg4.png 572w, https:\/\/julia-arend-handgestrickt.de\/wp-content\/uploads\/2018\/02\/Regenbogenm.Hinweg4-300x215.png 300w\" sizes=\"(max-width: 572px) 100vw, 572px\" \/><\/p>\n<div class=\"mb-indent\">\n<p>Und dann\u2026<\/p>\n<p>\u2026irgendwo\u2026\u2026.an einem<\/p>\n<p>geheimen Ort\u2026<\/p>\n<\/div>\n<div class=\"mb-indent\">\n<p>\u2026.zwischen den ersten bunten Blumen des Jahres\u2026.entdeckten sie sie:<\/p>\n<p>die RegenbogenM\u00e4use.<\/p>\n<\/div>\n<div class=\"mb-indent\">\n<p><img decoding=\"async\" loading=\"lazy\" class=\" wp-image-116 alignleft\" src=\"http:\/\/julia-arend-handgestrickt.de\/wp-content\/uploads\/2018\/02\/Regenbogenm.Blumen-300x202.png\" alt=\"\" width=\"240\" height=\"161\" srcset=\"https:\/\/julia-arend-handgestrickt.de\/wp-content\/uploads\/2018\/02\/Regenbogenm.Blumen-300x202.png 300w, https:\/\/julia-arend-handgestrickt.de\/wp-content\/uploads\/2018\/02\/Regenbogenm.Blumen.png 354w\" sizes=\"(max-width: 240px) 100vw, 240px\" \/><img decoding=\"async\" loading=\"lazy\" class=\" wp-image-117 alignright\" src=\"http:\/\/julia-arend-handgestrickt.de\/wp-content\/uploads\/2018\/02\/Regenbogenm.Blumen2.png\" alt=\"\" width=\"182\" height=\"183\" srcset=\"https:\/\/julia-arend-handgestrickt.de\/wp-content\/uploads\/2018\/02\/Regenbogenm.Blumen2.png 257w, https:\/\/julia-arend-handgestrickt.de\/wp-content\/uploads\/2018\/02\/Regenbogenm.Blumen2-150x150.png 150w\" sizes=\"(max-width: 182px) 100vw, 182px\" \/><\/p>\n<\/div>\n<p>&nbsp;<\/p>\n<p>&nbsp;<\/p>\n<p>&nbsp;<\/p>\n<p>&nbsp;<\/p>\n<p><img decoding=\"async\" loading=\"lazy\" class=\"alignnone size-full wp-image-118\" src=\"http:\/\/julia-arend-handgestrickt.de\/wp-content\/uploads\/2018\/02\/Regenbogenm.Blumen3.png\" alt=\"Regenbogenm.Blumen3\" width=\"250\" height=\"251\" srcset=\"https:\/\/julia-arend-handgestrickt.de\/wp-content\/uploads\/2018\/02\/Regenbogenm.Blumen3.png 250w, https:\/\/julia-arend-handgestrickt.de\/wp-content\/uploads\/2018\/02\/Regenbogenm.Blumen3-150x150.png 150w\" sizes=\"(max-width: 250px) 100vw, 250px\" \/><\/p>\n<p>Schnell wurde Freundschaft geschlossen\u2026.<\/p>\n<p><img decoding=\"async\" loading=\"lazy\" class=\"alignnone size-full wp-image-119\" src=\"http:\/\/julia-arend-handgestrickt.de\/wp-content\/uploads\/2018\/02\/Regenbogenm.Freunde.png\" alt=\"\" width=\"157\" height=\"227\" \/> <img decoding=\"async\" loading=\"lazy\" class=\"alignnone size-medium wp-image-120\" src=\"http:\/\/julia-arend-handgestrickt.de\/wp-content\/uploads\/2018\/02\/Regenbogenm.Freunde3.png\" alt=\"\" width=\"228\" height=\"229\" srcset=\"https:\/\/julia-arend-handgestrickt.de\/wp-content\/uploads\/2018\/02\/Regenbogenm.Freunde3.png 228w, https:\/\/julia-arend-handgestrickt.de\/wp-content\/uploads\/2018\/02\/Regenbogenm.Freunde3-150x150.png 150w\" sizes=\"(max-width: 228px) 100vw, 228px\" \/><\/p>\n<p>Als meine Wollm\u00e4use von dem kleinen Jungen erz\u00e4hlten, waren die RegenbogenM\u00e4use sofort bereit, mit ihnen zu kommen.<\/p>\n<p><img decoding=\"async\" loading=\"lazy\" class=\"alignnone wp-image-121 size-full\" src=\"http:\/\/julia-arend-handgestrickt.de\/wp-content\/uploads\/2018\/02\/Regenbogenm.Freunde2.png\" alt=\"Regenbogenm.Freunde2\" width=\"472\" height=\"262\" srcset=\"https:\/\/julia-arend-handgestrickt.de\/wp-content\/uploads\/2018\/02\/Regenbogenm.Freunde2.png 472w, https:\/\/julia-arend-handgestrickt.de\/wp-content\/uploads\/2018\/02\/Regenbogenm.Freunde2-300x167.png 300w\" sizes=\"(max-width: 472px) 100vw, 472px\" \/><\/p>\n<p>\u2026.tripp trapp tripp trapp\u2026.<\/p>\n<p><img decoding=\"async\" loading=\"lazy\" class=\"alignnone wp-image-122 size-full\" src=\"http:\/\/julia-arend-handgestrickt.de\/wp-content\/uploads\/2018\/02\/Regenbogenm.R\u00fcckweg_Wiese.png\" alt=\"Regenbogenm.R\u00fcckweg_Wiese\" width=\"850\" height=\"278\" srcset=\"https:\/\/julia-arend-handgestrickt.de\/wp-content\/uploads\/2018\/02\/Regenbogenm.R\u00fcckweg_Wiese.png 850w, https:\/\/julia-arend-handgestrickt.de\/wp-content\/uploads\/2018\/02\/Regenbogenm.R\u00fcckweg_Wiese-300x98.png 300w, https:\/\/julia-arend-handgestrickt.de\/wp-content\/uploads\/2018\/02\/Regenbogenm.R\u00fcckweg_Wiese-768x251.png 768w\" sizes=\"(max-width: 850px) 100vw, 850px\" \/><\/p>\n<p>\u2026..wie freute ich mich, als ich sie kommen sah!<\/p>\n<p><img decoding=\"async\" loading=\"lazy\" class=\"alignnone wp-image-123 size-full\" src=\"http:\/\/julia-arend-handgestrickt.de\/wp-content\/uploads\/2018\/02\/Regenbogenm.R\u00fcckweg2.png\" alt=\"Regenbogenm.R\u00fcckweg2\" width=\"519\" height=\"260\" srcset=\"https:\/\/julia-arend-handgestrickt.de\/wp-content\/uploads\/2018\/02\/Regenbogenm.R\u00fcckweg2.png 519w, https:\/\/julia-arend-handgestrickt.de\/wp-content\/uploads\/2018\/02\/Regenbogenm.R\u00fcckweg2-300x150.png 300w\" sizes=\"(max-width: 519px) 100vw, 519px\" \/><\/p>\n<p>\u2026..den RegenbogenM\u00e4usen gefiel es so gut in unserem H\u00e4uschen, dass sie bei uns einzogen\u2026.<\/p>\n<p><img decoding=\"async\" loading=\"lazy\" class=\"alignnone wp-image-125 \" src=\"http:\/\/julia-arend-handgestrickt.de\/wp-content\/uploads\/2018\/02\/Regenbogenm.Zuhause_bunt-300x178.png\" alt=\"\" width=\"234\" height=\"139\" srcset=\"https:\/\/julia-arend-handgestrickt.de\/wp-content\/uploads\/2018\/02\/Regenbogenm.Zuhause_bunt-300x178.png 300w, https:\/\/julia-arend-handgestrickt.de\/wp-content\/uploads\/2018\/02\/Regenbogenm.Zuhause_bunt.png 333w\" sizes=\"(max-width: 234px) 100vw, 234px\" \/> <img decoding=\"async\" loading=\"lazy\" class=\"alignnone  wp-image-126\" src=\"http:\/\/julia-arend-handgestrickt.de\/wp-content\/uploads\/2018\/02\/Regenbogenm.Zuhause_bunt2-300x178.png\" alt=\"\" width=\"222\" height=\"132\" srcset=\"https:\/\/julia-arend-handgestrickt.de\/wp-content\/uploads\/2018\/02\/Regenbogenm.Zuhause_bunt2-300x178.png 300w, https:\/\/julia-arend-handgestrickt.de\/wp-content\/uploads\/2018\/02\/Regenbogenm.Zuhause_bunt2.png 334w\" sizes=\"(max-width: 222px) 100vw, 222px\" \/><\/p>\n<p>\u2026.es ist jetzt sehr viel bunter in unserem Leben\u2026.<\/p>\n<p><img decoding=\"async\" loading=\"lazy\" class=\"alignnone wp-image-127 size-full\" src=\"http:\/\/julia-arend-handgestrickt.de\/wp-content\/uploads\/2018\/02\/Regenbogenm.Zuhause_bunt3.png\" alt=\"Regenbogenm.Zuhause_bunt3\" width=\"519\" height=\"259\" srcset=\"https:\/\/julia-arend-handgestrickt.de\/wp-content\/uploads\/2018\/02\/Regenbogenm.Zuhause_bunt3.png 519w, https:\/\/julia-arend-handgestrickt.de\/wp-content\/uploads\/2018\/02\/Regenbogenm.Zuhause_bunt3-300x150.png 300w\" sizes=\"(max-width: 519px) 100vw, 519px\" \/><\/p>\n<p>Und auch der Junge, von dem die Wollm\u00e4use erz\u00e4hlt hatten, hat jetzt viele neue Freunde. Er strahlt seither vor Gl\u00fcck, nun wird er nie mehr den Mut verlieren.<\/p>\n<p><img decoding=\"async\" loading=\"lazy\" class=\"alignright wp-image-128 size-full\" src=\"http:\/\/julia-arend-handgestrickt.de\/wp-content\/uploads\/2018\/02\/Regenbogenm.Fin_.png\" alt=\"Regenbogenm.Fin\" width=\"235\" height=\"315\" srcset=\"https:\/\/julia-arend-handgestrickt.de\/wp-content\/uploads\/2018\/02\/Regenbogenm.Fin_.png 235w, https:\/\/julia-arend-handgestrickt.de\/wp-content\/uploads\/2018\/02\/Regenbogenm.Fin_-224x300.png 224w\" sizes=\"(max-width: 235px) 100vw, 235px\" \/><\/p>\n<p>Nicht, weil seine Freunde klein, wollig und bunt sind, sondern weil sie ihn gern haben und ganz fest an ihn glauben.<\/p>\n<p>&nbsp;<\/p>\n","protected":false},"excerpt":{"rendered":"<p>Wollm\u00e4use sind eigentlich recht sesshafte Tiere\u2026\u2026\u2026 &nbsp; &nbsp; &nbsp; &nbsp; Aber vor einiger Zeit \u00fcberraschten mich meine Wollm\u00e4use mit Reisepl\u00e4nen: Sie wollten auf die Suche gehen, um die RegenbogenM\u00e4use zu finden. So eine zum Freund k\u00f6nnte n\u00e4mlich der kleine Junge aus unserem Haus gut gebrauchen: wer eine RegenbogenMaus zum Freund hat, wird immer Gl\u00fcck im &hellip; <a href=\"https:\/\/julia-arend-handgestrickt.de\/?page_id=110\" class=\"more-link\"><span class=\"screen-reader-text\">Die Suche nach den Regenbogenm\u00e4usen &#8211; noch eine Fotogeschichte<\/span> weiterlesen <span class=\"meta-nav\">&rarr;<\/span><\/a><\/p>\n","protected":false},"author":1,"featured_media":0,"parent":0,"menu_order":0,"comment_status":"closed","ping_status":"closed","template":"","meta":[],"_links":{"self":[{"href":"https:\/\/julia-arend-handgestrickt.de\/index.php?rest_route=\/wp\/v2\/pages\/110"}],"collection":[{"href":"https:\/\/julia-arend-handgestrickt.de\/index.php?rest_route=\/wp\/v2\/pages"}],"about":[{"href":"https:\/\/julia-arend-handgestrickt.de\/index.php?rest_route=\/wp\/v2\/types\/page"}],"author":[{"embeddable":true,"href":"https:\/\/julia-arend-handgestrickt.de\/index.php?rest_route=\/wp\/v2\/users\/1"}],"replies":[{"embeddable":true,"href":"https:\/\/julia-arend-handgestrickt.de\/index.php?rest_route=%2Fwp%2Fv2%2Fcomments&post=110"}],"version-history":[{"count":2,"href":"https:\/\/julia-arend-handgestrickt.de\/index.php?rest_route=\/wp\/v2\/pages\/110\/revisions"}],"predecessor-version":[{"id":129,"href":"https:\/\/julia-arend-handgestrickt.de\/index.php?rest_route=\/wp\/v2\/pages\/110\/revisions\/129"}],"wp:attachment":[{"href":"https:\/\/julia-arend-handgestrickt.de\/index.php?rest_route=%2Fwp%2Fv2%2Fmedia&parent=110"}],"curies":[{"name":"wp","href":"https:\/\/api.w.org\/{rel}","templated":true}]}}